{"id":7348,"date":"2024-05-22T15:33:37","date_gmt":"2024-05-22T13:33:37","guid":{"rendered":"https:\/\/www.marcafermana.it\/?page_id=7348"},"modified":"2024-05-22T17:17:02","modified_gmt":"2024-05-22T15:17:02","slug":"la-provincia-di-fermo","status":"publish","type":"page","link":"https:\/\/www.marcafermana.it\/it\/la-provincia-di-fermo\/","title":{"rendered":"La Provincia di Fermo"},"content":{"rendered":"<section class=\"wpb-content-wrapper\"><p>[vc_row disable_element=&#8221;yes&#8221; row_content_width=&#8221;grid&#8221; content_text_aligment=&#8221;center&#8221; css=&#8221;.vc_custom_1716390972343{padding-top: 85px !important;}&#8221; simple_background_color=&#8221;#f8f8f8&#8243;][vc_column offset=&#8221;vc_col-lg-offset-3 vc_col-lg-6 vc_col-md-offset-1 vc_col-md-10&#8243;]<div class=\"qodef-section-title-holder \" >\n\t<div class=\"qodef-st-inner\">\n\t\t\t\t\t<span class=\"qodef-st-tagline\" style=\"margin-bottom: -6px\">\n\t\t\t\tL'Ente\t\t\t<\/span>\n\t\t\t\t\t\t\t<h1 class=\"qodef-st-title\" >\n\t\t\t\tProvincia di Fermo\t\t\t<\/h1>\n\t\t\t\t\t<\/div>\n<\/div>[vc_empty_space height=&#8221;42px&#8221;][\/vc_column][\/vc_row][vc_row row_content_width=&#8221;grid&#8221; simple_background_color=&#8221;#f8f8f8&#8243; css=&#8221;.vc_custom_1716391020518{padding-top: 105px !important;padding-bottom: 105px !important;}&#8221;][vc_column][vc_column_text]La Provincia di Fermo \u00e8 una provincia della Regione Marche, istituita dalla Legge 11 giugno 2004 n. 147, che \u00e8 divenuta operativa a tutti gli effetti con le prime elezioni provinciali del 6 e 7 giugno 2009, in concomitanza con quelle del rinnovo degli organi elettivi della Provincia di Ascoli Piceno, dal cui territorio \u00e8 stata scorporata.<\/p>\n<p>La Legge n. 56\/2014 (c.d. Legge Delrio) ha profondamente innovato l\u2019organizzazione e il funzionamento dell\u2019Ente Provincia, sia sotto il profilo degli organi di governo, sia per quanto concerne le funzioni di competenza. In particolare, le Province, da enti a legittimazione popolare e diretta, dotati di distinte funzioni amministrative, sono diventate enti di area vasta e di secondo livello, strettamente legati ai Comuni del territorio, governati da organi non pi\u00f9 eletti dai cittadini.<\/p>\n<p>&nbsp;<\/p>\n<p>Sono organi della Provincia:<\/p>\n<ul>\n<li><strong>Presidente della Provincia:<\/strong> eletto dai sindaci e dai consiglieri dei comuni del territorio provinciale, dura in carica quattro anni e decade dalla carica in caso di cessazione da quella di sindaco.<\/li>\n<li><strong>Consiglio Provinciale:<\/strong> eletto dai sindaci e dai consiglieri comunali dei comuni del territorio, dura in carica due anni ed \u00e8 composto dal Presidente della Provincia e da 10 componenti. La cessazione dalla carica comunale comporta la decadenza da consigliere provinciale<\/li>\n<li><strong>Assemblea dei Sindaci:<\/strong> costituita dai sindaci dei comuni appartenenti alla Provincia.<\/li>\n<\/ul>\n<p>&nbsp;<\/p>\n<p>Per quanto concerne le funzioni, la Legge n. 56\/2014 ha inserito una nuova disciplina, distinguendo tra funzioni fondamentali e funzioni non fondamentali, prevedendo che soltanto quelle fondamentali (tassativamente elencate <em>ex lege<\/em>) sono esercitate direttamente dalle Province, mentre le altre devono essere oggetto di riordino da parte delle Regioni. Secondo quanto disposto dall\u2019art. 1, comma 85, della Legge n. 56\/2014, le Province, quali enti con funzioni di area vasta, esercitano le seguenti funzioni fondamentali:<\/p>\n<ol type=\"a\">\n<li>pianificazione territoriale provinciale di coordinamento, nonch\u00e9 tutela e valorizzazione dell&#8217;ambiente, per gli aspetti di competenza;<\/li>\n<li>pianificazione dei servizi di trasporto in ambito provinciale, autorizzazione e controllo in materia di trasporto privato, in coerenza con la programmazione regionale, nonch\u00e9 costruzione e gestione delle strade provinciali e regolazione della circolazione stradale ad esse inerente;<\/li>\n<li>programmazione provinciale della rete scolastica, nel rispetto della programmazione regionale;<\/li>\n<li>raccolta ed elaborazione di dati, assistenza tecnico-amministrativa agli enti locali;<\/li>\n<li>gestione dell&#8217;edilizia scolastica;<\/li>\n<li>controllo dei fenomeni discriminatori in ambito occupazionale e promozione delle pari opportunit\u00e0 sul territorio provinciale.<\/li>\n<\/ol>\n<p>&nbsp;<\/p>\n<p>I primi atti ufficiali del nuovo Ente di Area Vasta sono stati l\u2019elezione del Presidente della Provincia di Fermo e dei 10 componenti del Consiglio provinciale in data 12.10.2014.<\/p>\n<p>&nbsp;<\/p>\n<p>Il secondo passaggio indispensabile al funzionamento istituzionale si \u00e8 avuto con l\u2019adozione dello Statuto provinciale, adottato con deliberazione n. 2 del 22.12.2014 dell\u2019Assemblea dei Sindaci ed entrato in vigore in data 29.01.2015. Il nuovo Statuto provinciale, con la Legge n. 56\/2014, assume un forte contenuto normativo generale sia per quanto riguarda l\u2019organizzazione interna dell\u2019Ente sia nel riparto e nella gestione delle funzioni sia nel dare legittimazione ad accordi e convenzioni tra la Provincia, i Comuni e le Unioni di Comuni.<\/p>\n<p>&nbsp;<\/p>\n<p>L\u2019attivit\u00e0 della nuova Provincia, iniziata con il Presidente Fabrizio Cesetti, \u00e8 proseguita con un periodo di reggenza della presidenza da parte del Vice Presidente Aronne Perugini e in seguito con l\u2019elezione a Presidente di Moira Canigola.<\/p>\n<p>&nbsp;<\/p>\n<p>A seguito delle consultazioni elettorali svoltesi in data 18.12.2021, \u00e8 stato proclamato eletto Presidente della Provincia di Fermo Michele Ortenzi, con la lista \u201cProvincia Inclusiva\u201d, che rester\u00e0 in carica fino al 2025.<\/p>\n<p>&nbsp;<\/p>\n<p>L\u2019Amministrazione Ortenzi, sin dal suo insediamento, si \u00e8 posta l\u2019obiettivo di rifuggire logiche di autoreferenzialit\u00e0 attraverso un\u2019azione politica-amministrativa basata sull\u2019attenzione al territorio, agli enti locali di riferimento e al mondo dell\u2019associazionismo: la Provincia, dunque, quale luogo di ascolto, confronto e coordinamento per una pi\u00f9 efficace capacit\u00e0 di risposta alle diverse istanze provenienti dalla comunit\u00e0 locale, al fine di contribuire alla coesione sociale della stessa. Una Provincia intesa come reale opportunit\u00e0 per le municipalit\u00e0, con l\u2019obiettivo di riavvicinare i cittadini all\u2019Ente. Una provincia che sappia dialogare con i territori, essere fisicamente presente nei 40 comuni, che sappia ascoltare i sindaci e, insieme a loro, costruire una rete territoriale forte e coesa, con un sempre pi\u00f9 attivo coinvolgimento degli amministratori locali, veri protagonisti e attori del territorio provinciale. Questo obiettivo si sta realizzando anche grazie ad un significativo cambio di direzione nelle scelte politiche nazionali. Infatti, con il PNRR e il Fondo Complementare per il Sisma, sono stati introdotti nuovi e importanti finanziamenti, in particolare in materia di edilizia scolastica e viabilit\u00e0. Inoltre, \u00e8 in atto un processo di riforma degli assetti istituzionali degli enti provinciali, con la modifica del Testo unico delle leggi sull\u2019ordinamento degli enti locali da parte del governo, il cui fine dovr\u00e0 essere quello di restituire alle Provincie l\u2019autorevolezza persa e infondere la consapevolezza di poter essere protagonista nella gestione e nello sviluppo dei territori. La collaborazione con i Sindaci \u00e8 stata avviata anche in relazione a funzioni che, se da un lato non competono pi\u00f9 direttamente alla Provincia, dall\u2019altro debbono ritenersi fondamentali per poter raccordare i Comuni, per poter esprimere un indirizzo omogeneo di crescita del territorio, per poter porre la Provincia stessa come interlocutore nei confronti degli altri enti sovraordinati e delle associazioni di riferimento. In particolare, in materia di turismo, agricoltura, protezione civile, associazionismo e volontariato. Pertanto, la Provincia di Fermo sta attuando un\u2019azione di ascolto delle proposte, delle iniziative e dei suggerimenti provenienti dai cosiddetti corpi intermedi, per poter costruire una Provincia pi\u00f9 equa, solidale e inclusiva.<\/p>\n<p>&nbsp;<\/p>\n<p>In cima alla lista dell\u2019agenda politica del Presidente Ortenzi e della sua Amministrazione c\u2019\u00e8 l\u2019ammodernamento della rete viaria di competenza provinciale in quanto fondamentale per la crescita del territorio sotto l\u2019aspetto economico-sociale. Altro tema molto importante \u00e8 quello della realizzazione del nuovo ospedale di Fermo in localit\u00e0 Campiglione, con particolare riferimento, per quanto riguarda la Provincia, alle opere di viabilit\u00e0 di adduzione che dovranno essere realizzate e allo sviluppo viario conseguente. Fondamentale, inoltre, \u00e8 il tema della sicurezza della circolazione stradale, riportando al centro degli investimenti la rete delle infrastrutture viarie provinciali, che assumono importanza strategica per la capacit\u00e0 di connettere saldamente sistemi produttivi e persone.<\/p>\n<p>&nbsp;<\/p>\n<p>Altra massima priorit\u00e0 \u00e8 quella di rinnovare il patrimonio scolastico del territorio provinciale. La Provincia di Fermo ha ottenuto un importante numero di fondi PNRR per gli interventi nelle scuole, che si aggira ad \u20ac 46.900.000. Queste risorse stanno offrendo la grande opportunit\u00e0 di rendere le strutture scolastiche esistenti sempre pi\u00f9 avanzate, sicure, prive di barriere architettoniche, in adeguamento alle pi\u00f9 recenti normative antincendio e antisismica. La scuola \u00e8 il luogo di formazione, educazione e socialit\u00e0 e l\u2019ambiente in cui queste funzioni vengono assolte \u00e8 fondamentale. Investire sull\u2019edilizia scolastica significa investire sul futuro di un\u2019intera comunit\u00e0.<\/p>\n<p>&nbsp;<\/p>\n<p>In relazione alla programmazione della rete scolastica, l\u2019Amministrazione Ortenzi ha avviato una politica di ascolto del mondo della scuola, per cercare di capirne meglio e pi\u00f9 approfonditamente le criticit\u00e0 e le problematiche. Grazie a questo metodo di concertazione con i soggetti interessati, l\u2019auspicio \u00e8 quello di poter dare risposte e soluzioni con la finalit\u00e0 ultima di far crescere il sistema scolastico della Provincia di Fermo, nella convinzione che \u201csenza formazione non ci pu\u00f2 essere occupazione\u201d.<\/p>\n<p>Altro tema strategico \u00e8 quello della transizione ecologica. Questa Amministrazione sta dedicando particolare attenzione al governo del territorio e al settore dell\u2019ambiente, in particolare all\u2019economia circolare nella gestione dei rifiuti e all\u2019ATA rifiuti. L\u2019obiettivo \u00e8 quello dell\u2019autosufficienza provinciale relativa al ciclo dei rifiuti con maggiore sostegno alle realt\u00e0 che subiscono pi\u00f9 impatto. Nel governo e tutela dell\u2019ambiente, la promozione della qualit\u00e0 del territorio come qualit\u00e0 della vita rappresenta la finalit\u00e0 di questo indirizzo, che presuppone la necessaria azione di coordinamento, di supporto, di assistenza tecnica, supervisione e progettazione per l&#8217;elaborazione e l\u2019attuazione della programmazione urbanistica degli enti locali, in una visione di insieme nell\u2019ambito dell\u2019area vasta, all\u2019interno della funzione fondamentale di pianificazione territoriale.[\/vc_column_text][vc_empty_space height=&#8221;42px&#8221;][\/vc_column][\/vc_row][vc_row css=&#8221;.vc_custom_1702132563689{padding-top: 40px !important;padding-bottom: 40px !important;}&#8221; simple_background_color=&#8221;#8fc066&#8243;][vc_column]<div class=\"qodef-call-to-action-holder  qodef-normal-layout qodef-content-in-grid qodef-three-quarters-columns\">\n\t<div class=\"qodef-cta-inner qodef-grid\">\n\t\t<div class=\"qodef-cta-text-holder\">\n\t\t\t<div class=\"qodef-cta-text\">\n<h4 style=\"color: #fff;\">Iscriviti alla nostra newsletter!<\/h4>\n<\/div>\n\t\t<\/div>\n\t\t<div class=\"qodef-cta-button-holder\" >\n\t\t\t<div class=\"qodef-cta-button\"><a itemprop=\"url\" href=\"#\" target=\"_self\" style=\"color: #000000;background-color: #ffffff;border-color: #ffffff\" class=\"qodef-btn qodef-btn-large qodef-btn-solid qodef-btn-custom-hover-bg qodef-btn-custom-border-hover qodef-btn-custom-hover-color\" data-hover-color=\"#ffffff\" data-hover-bg-color=\"#54bccf\" data-hover-border-color=\"#54bccf\" >    <span class=\"qodef-btn-text\">Iscrivimi<\/span>    <\/a><\/div>\n\t\t<\/div>\n\t<\/div>\n<\/div>[\/vc_column][\/vc_row]<\/p>\n<\/section>","protected":false},"excerpt":{"rendered":"<p>[vc_row disable_element=&#8221;yes&#8221; row_content_width=&#8221;grid&#8221; content_text_aligment=&#8221;center&#8221; css=&#8221;.vc_custom_1716390972343{padding-top: 85px !important;}&#8221; simple_background_color=&#8221;#f8f8f8&#8243;][vc_column offset=&#8221;vc_col-lg-offset-3 vc_col-lg-6 vc_col-md-offset-1 vc_col-md-10&#8243;][vc_empty_space height=&#8221;42px&#8221;][\/vc_column][\/vc_row][vc_row row_content_width=&#8221;grid&#8221; simple_background_color=&#8221;#f8f8f8&#8243; css=&#8221;.vc_custom_1716391020518{padding-top: 105px !important;padding-bottom: 105px !important;}&#8221;][vc_column][vc_column_text]La Provincia di Fermo \u00e8 una provincia della Regione Marche, istituita dalla Legge 11 giugno 2004 n. 147, che \u00e8 divenuta [&hellip;]<\/p>\n","protected":false},"author":2,"featured_media":0,"parent":0,"menu_order":-94,"comment_status":"closed","ping_status":"closed","template":"full-width.php","meta":{"_acf_changed":false,"footnotes":""},"class_list":["post-7348","page","type-page","status-publish","hentry"],"acf":[],"yoast_head":"<!-- This site is optimized with the Yoast SEO plugin v22.8 - https:\/\/yoast.com\/wordpress\/plugins\/seo\/ -->\n<title>La Provincia di Fermo - Marca Fermana<\/title>\n<meta name=\"robots\" content=\"index, follow, max-snippet:-1, max-image-preview:large, max-video-preview:-1\" \/>\n<link rel=\"canonical\" href=\"https:\/\/www.marcafermana.it\/it\/la-provincia-di-fermo\/\" \/>\n<meta property=\"og:locale\" content=\"it_IT\" \/>\n<meta property=\"og:type\" content=\"article\" \/>\n<meta property=\"og:title\" content=\"La Provincia di Fermo - Marca Fermana\" \/>\n<meta property=\"og:description\" content=\"[vc_row disable_element=&#8221;yes&#8221; row_content_width=&#8221;grid&#8221; content_text_aligment=&#8221;center&#8221; css=&#8221;.vc_custom_1716390972343{padding-top: 85px !important;}&#8221; simple_background_color=&#8221;#f8f8f8&#8243;][vc_column offset=&#8221;vc_col-lg-offset-3 vc_col-lg-6 vc_col-md-offset-1 vc_col-md-10&#8243;][vc_empty_space height=&#8221;42px&#8221;][\/vc_column][\/vc_row][vc_row row_content_width=&#8221;grid&#8221; simple_background_color=&#8221;#f8f8f8&#8243; css=&#8221;.vc_custom_1716391020518{padding-top: 105px !important;padding-bottom: 105px !important;}&#8221;][vc_column][vc_column_text]La Provincia di Fermo \u00e8 una provincia della Regione Marche, istituita dalla Legge 11 giugno 2004 n. 147, che \u00e8 divenuta [&hellip;]\" \/>\n<meta property=\"og:url\" content=\"https:\/\/www.marcafermana.it\/it\/la-provincia-di-fermo\/\" \/>\n<meta property=\"og:site_name\" content=\"Marca Fermana\" \/>\n<meta property=\"article:publisher\" content=\"https:\/\/www.facebook.com\/marcafermanaAssociazione\/\" \/>\n<meta property=\"article:modified_time\" content=\"2024-05-22T15:17:02+00:00\" \/>\n<meta property=\"og:image\" content=\"https:\/\/www.marcafermana.it\/wp-content\/uploads\/2018\/09\/logo-marca-fermana-quadrato.png\" \/>\n\t<meta property=\"og:image:width\" content=\"500\" \/>\n\t<meta property=\"og:image:height\" content=\"250\" \/>\n\t<meta property=\"og:image:type\" content=\"image\/png\" \/>\n<meta name=\"twitter:card\" content=\"summary_large_image\" \/>\n<meta name=\"twitter:site\" content=\"@MarcaFermana\" \/>\n<meta name=\"twitter:label1\" content=\"Tempo di lettura stimato\" \/>\n\t<meta name=\"twitter:data1\" content=\"7 minuti\" \/>\n<script type=\"application\/ld+json\" class=\"yoast-schema-graph\">{\"@context\":\"https:\/\/schema.org\",\"@graph\":[{\"@type\":\"WebPage\",\"@id\":\"https:\/\/www.marcafermana.it\/it\/la-provincia-di-fermo\/\",\"url\":\"https:\/\/www.marcafermana.it\/it\/la-provincia-di-fermo\/\",\"name\":\"La Provincia di Fermo - Marca Fermana\",\"isPartOf\":{\"@id\":\"https:\/\/www.marcafermana.it\/it\/#website\"},\"datePublished\":\"2024-05-22T13:33:37+00:00\",\"dateModified\":\"2024-05-22T15:17:02+00:00\",\"breadcrumb\":{\"@id\":\"https:\/\/www.marcafermana.it\/it\/la-provincia-di-fermo\/#breadcrumb\"},\"inLanguage\":\"it-IT\",\"potentialAction\":[{\"@type\":\"ReadAction\",\"target\":[\"https:\/\/www.marcafermana.it\/it\/la-provincia-di-fermo\/\"]}]},{\"@type\":\"BreadcrumbList\",\"@id\":\"https:\/\/www.marcafermana.it\/it\/la-provincia-di-fermo\/#breadcrumb\",\"itemListElement\":[{\"@type\":\"ListItem\",\"position\":1,\"name\":\"Home\",\"item\":\"https:\/\/www.marcafermana.it\/it\/\"},{\"@type\":\"ListItem\",\"position\":2,\"name\":\"La Provincia di Fermo\"}]},{\"@type\":\"WebSite\",\"@id\":\"https:\/\/www.marcafermana.it\/it\/#website\",\"url\":\"https:\/\/www.marcafermana.it\/it\/\",\"name\":\"Marca Fermana\",\"description\":\"Il fermano, la bellezza con radici storiche e culturali\",\"publisher\":{\"@id\":\"https:\/\/www.marcafermana.it\/it\/#organization\"},\"potentialAction\":[{\"@type\":\"SearchAction\",\"target\":{\"@type\":\"EntryPoint\",\"urlTemplate\":\"https:\/\/www.marcafermana.it\/it\/?s={search_term_string}\"},\"query-input\":\"required name=search_term_string\"}],\"inLanguage\":\"it-IT\"},{\"@type\":\"Organization\",\"@id\":\"https:\/\/www.marcafermana.it\/it\/#organization\",\"name\":\"Marca Fermana\",\"url\":\"https:\/\/www.marcafermana.it\/it\/\",\"logo\":{\"@type\":\"ImageObject\",\"inLanguage\":\"it-IT\",\"@id\":\"https:\/\/www.marcafermana.it\/it\/#\/schema\/logo\/image\/\",\"url\":\"https:\/\/www.marcafermana.it\/wp-content\/uploads\/2018\/09\/favicon-marca-fermana.png\",\"contentUrl\":\"https:\/\/www.marcafermana.it\/wp-content\/uploads\/2018\/09\/favicon-marca-fermana.png\",\"width\":256,\"height\":256,\"caption\":\"Marca Fermana\"},\"image\":{\"@id\":\"https:\/\/www.marcafermana.it\/it\/#\/schema\/logo\/image\/\"},\"sameAs\":[\"https:\/\/www.facebook.com\/marcafermanaAssociazione\/\",\"https:\/\/x.com\/MarcaFermana\"]}]}<\/script>\n<!-- \/ Yoast SEO plugin. -->","yoast_head_json":{"title":"La Provincia di Fermo - Marca Fermana","robots":{"index":"index","follow":"follow","max-snippet":"max-snippet:-1","max-image-preview":"max-image-preview:large","max-video-preview":"max-video-preview:-1"},"canonical":"https:\/\/www.marcafermana.it\/it\/la-provincia-di-fermo\/","og_locale":"it_IT","og_type":"article","og_title":"La Provincia di Fermo - Marca Fermana","og_description":"[vc_row disable_element=&#8221;yes&#8221; row_content_width=&#8221;grid&#8221; content_text_aligment=&#8221;center&#8221; css=&#8221;.vc_custom_1716390972343{padding-top: 85px !important;}&#8221; simple_background_color=&#8221;#f8f8f8&#8243;][vc_column offset=&#8221;vc_col-lg-offset-3 vc_col-lg-6 vc_col-md-offset-1 vc_col-md-10&#8243;][vc_empty_space height=&#8221;42px&#8221;][\/vc_column][\/vc_row][vc_row row_content_width=&#8221;grid&#8221; simple_background_color=&#8221;#f8f8f8&#8243; css=&#8221;.vc_custom_1716391020518{padding-top: 105px !important;padding-bottom: 105px !important;}&#8221;][vc_column][vc_column_text]La Provincia di Fermo \u00e8 una provincia della Regione Marche, istituita dalla Legge 11 giugno 2004 n. 147, che \u00e8 divenuta [&hellip;]","og_url":"https:\/\/www.marcafermana.it\/it\/la-provincia-di-fermo\/","og_site_name":"Marca Fermana","article_publisher":"https:\/\/www.facebook.com\/marcafermanaAssociazione\/","article_modified_time":"2024-05-22T15:17:02+00:00","og_image":[{"width":500,"height":250,"url":"https:\/\/www.marcafermana.it\/wp-content\/uploads\/2018\/09\/logo-marca-fermana-quadrato.png","type":"image\/png"}],"twitter_card":"summary_large_image","twitter_site":"@MarcaFermana","twitter_misc":{"Tempo di lettura stimato":"7 minuti"},"schema":{"@context":"https:\/\/schema.org","@graph":[{"@type":"WebPage","@id":"https:\/\/www.marcafermana.it\/it\/la-provincia-di-fermo\/","url":"https:\/\/www.marcafermana.it\/it\/la-provincia-di-fermo\/","name":"La Provincia di Fermo - Marca Fermana","isPartOf":{"@id":"https:\/\/www.marcafermana.it\/it\/#website"},"datePublished":"2024-05-22T13:33:37+00:00","dateModified":"2024-05-22T15:17:02+00:00","breadcrumb":{"@id":"https:\/\/www.marcafermana.it\/it\/la-provincia-di-fermo\/#breadcrumb"},"inLanguage":"it-IT","potentialAction":[{"@type":"ReadAction","target":["https:\/\/www.marcafermana.it\/it\/la-provincia-di-fermo\/"]}]},{"@type":"BreadcrumbList","@id":"https:\/\/www.marcafermana.it\/it\/la-provincia-di-fermo\/#breadcrumb","itemListElement":[{"@type":"ListItem","position":1,"name":"Home","item":"https:\/\/www.marcafermana.it\/it\/"},{"@type":"ListItem","position":2,"name":"La Provincia di Fermo"}]},{"@type":"WebSite","@id":"https:\/\/www.marcafermana.it\/it\/#website","url":"https:\/\/www.marcafermana.it\/it\/","name":"Marca Fermana","description":"Il fermano, la bellezza con radici storiche e culturali","publisher":{"@id":"https:\/\/www.marcafermana.it\/it\/#organization"},"potentialAction":[{"@type":"SearchAction","target":{"@type":"EntryPoint","urlTemplate":"https:\/\/www.marcafermana.it\/it\/?s={search_term_string}"},"query-input":"required name=search_term_string"}],"inLanguage":"it-IT"},{"@type":"Organization","@id":"https:\/\/www.marcafermana.it\/it\/#organization","name":"Marca Fermana","url":"https:\/\/www.marcafermana.it\/it\/","logo":{"@type":"ImageObject","inLanguage":"it-IT","@id":"https:\/\/www.marcafermana.it\/it\/#\/schema\/logo\/image\/","url":"https:\/\/www.marcafermana.it\/wp-content\/uploads\/2018\/09\/favicon-marca-fermana.png","contentUrl":"https:\/\/www.marcafermana.it\/wp-content\/uploads\/2018\/09\/favicon-marca-fermana.png","width":256,"height":256,"caption":"Marca Fermana"},"image":{"@id":"https:\/\/www.marcafermana.it\/it\/#\/schema\/logo\/image\/"},"sameAs":["https:\/\/www.facebook.com\/marcafermanaAssociazione\/","https:\/\/x.com\/MarcaFermana"]}]}},"_links":{"self":[{"href":"https:\/\/www.marcafermana.it\/it\/wp-json\/wp\/v2\/pages\/7348","targetHints":{"allow":["GET"]}}],"collection":[{"href":"https:\/\/www.marcafermana.it\/it\/wp-json\/wp\/v2\/pages"}],"about":[{"href":"https:\/\/www.marcafermana.it\/it\/wp-json\/wp\/v2\/types\/page"}],"author":[{"embeddable":true,"href":"https:\/\/www.marcafermana.it\/it\/wp-json\/wp\/v2\/users\/2"}],"replies":[{"embeddable":true,"href":"https:\/\/www.marcafermana.it\/it\/wp-json\/wp\/v2\/comments?post=7348"}],"version-history":[{"count":7,"href":"https:\/\/www.marcafermana.it\/it\/wp-json\/wp\/v2\/pages\/7348\/revisions"}],"predecessor-version":[{"id":7430,"href":"https:\/\/www.marcafermana.it\/it\/wp-json\/wp\/v2\/pages\/7348\/revisions\/7430"}],"wp:attachment":[{"href":"https:\/\/www.marcafermana.it\/it\/wp-json\/wp\/v2\/media?parent=7348"}],"curies":[{"name":"wp","href":"https:\/\/api.w.org\/{rel}","templated":true}]}}